{"id":1314,"date":"2024-06-17T14:37:44","date_gmt":"2024-06-17T14:37:44","guid":{"rendered":"https:\/\/cgmfilms.hr\/?page_id=1314"},"modified":"2024-10-03T10:15:50","modified_gmt":"2024-10-03T10:15:50","slug":"o-nama","status":"publish","type":"page","link":"https:\/\/cgmfilms.hr\/hr\/o-nama\/","title":{"rendered":""},"content":{"rendered":"\n<div class=\"wp-block-stackable-columns alignfull stk-block-columns stk-block stk-2b10ff5 stk-block-background hero stk--has-background-overlay\" data-block-id=\"2b10ff5\"><style>.stk-2b10ff5{background-image:url(https:\/\/cgmfilms.hr\/wp-content\/uploads\/2024\/06\/hero.png) !important;background-position:top center !important;background-repeat:no-repeat !important;background-size:contain !important;min-height:100vh !important;align-items:flex-start !important;padding-bottom:0px !important;margin-top:120px !important;margin-bottom:0px !important;display:flex !important}.stk-2b10ff5:before{opacity:0 !important}@media screen and (max-width:1023px){.stk-2b10ff5{padding-top:0px !important;padding-bottom:0px !important;margin-top:120px !important}}@media screen and (max-width:767px){.stk-2b10ff5{padding-top:0px !important;padding-bottom:0px !important;margin-top:100px !important}}<\/style><div class=\"stk-row stk-inner-blocks stk-block-content stk-content-align stk-2b10ff5-column\">\n<div class=\"wp-block-stackable-column stk-block-column stk-column stk-block stk-fef159b\" data-v=\"4\" data-block-id=\"fef159b\"><style>.stk-fef159b-container{margin-top:0px !important;margin-right:0px !important;margin-bottom:0px !important;margin-left:0px !important}@media screen and (min-width:768px){.stk-fef159b{flex:var(--stk-flex-grow,1) 1 calc(50% - var(--stk-column-gap,0px) * 1 \/ 2 ) !important}}@media screen and (min-width:768px) and (max-width:1023px){.stk-fef159b{flex:var(--stk-flex-grow,1) 1 25% !important}}<\/style><div class=\"stk-column-wrapper stk-block-column__content stk-container stk-fef159b-container stk--no-background stk--no-padding\"><div class=\"stk-block-content stk-inner-blocks stk-fef159b-inner-blocks\"><\/div><\/div><\/div>\n\n\n\n<div class=\"wp-block-stackable-column stk-block-column stk-column stk-block stk-e1de533 stk-block-background hero-banner\" data-v=\"4\" data-block-id=\"e1de533\"><style>.stk-e1de533-container{margin-top:0px !important;margin-right:0px !important;margin-bottom:0px !important;margin-left:0px !important}.stk-e1de533{background-color:var(--theme-palette-color-1,#C50606) !important}.stk-e1de533:before{background-color:var(--theme-palette-color-1,#C50606) !important}@media screen and (min-width:768px){.stk-e1de533{flex:var(--stk-flex-grow,1) 1 calc(50% - var(--stk-column-gap,0px) * 1 \/ 2 ) !important}}@media screen and (min-width:768px) and (max-width:1023px){.stk-e1de533{flex:var(--stk-flex-grow,1) 1 75% !important}}<\/style><div class=\"stk-column-wrapper stk-block-column__content stk-container stk-e1de533-container stk--no-background stk--no-padding\"><div class=\"stk-block-content stk-inner-blocks stk-e1de533-inner-blocks\">\n<div class=\"wp-block-stackable-columns stk-block-columns stk-block stk-b345200\" data-block-id=\"b345200\"><div class=\"stk-row stk-inner-blocks stk-block-content stk-content-align stk-b345200-column\">\n<div class=\"wp-block-stackable-column stk-block-column stk-column stk-block stk-8b98b4b\" data-v=\"4\" data-block-id=\"8b98b4b\"><div class=\"stk-column-wrapper stk-block-column__content stk-container stk-8b98b4b-container stk--no-background stk--no-padding\"><div class=\"stk-block-content stk-inner-blocks stk-8b98b4b-inner-blocks\">\n<div class=\"wp-block-stackable-heading stk-block-heading stk-block-heading--v2 stk-block stk-338d9c3 hero-banner-heading\" id=\"o-nama\" data-block-id=\"338d9c3\"><style>.stk-338d9c3{margin-bottom:15px !important}.stk-338d9c3 .stk-block-heading__text{font-size:109px !important;color:var(--theme-palette-color-8,#ffffff) !important;line-height:1.4em !important}@media screen and (max-width:1023px){.stk-338d9c3 .stk-block-heading__text{font-size:40px !important}}@media screen and (max-width:767px){.stk-338d9c3 .stk-block-heading__text{font-size:30px !important}}<\/style><h2 class=\"stk-block-heading__text has-text-color has-palette-color-8-color has-text-align-left has-text-align-center-mobile stk-block-heading--use-theme-margins\">O NAMA<\/h2><\/div>\n<\/div><\/div><\/div>\n<\/div><\/div>\n\n\n\n<div class=\"wp-block-stackable-columns stk-block-columns stk-block stk-eb144d0\" data-block-id=\"eb144d0\"><div class=\"stk-row stk-inner-blocks stk-block-content stk-content-align stk-eb144d0-column\">\n<div class=\"wp-block-stackable-column stk-block-column stk-column stk-block stk-84c6cd4\" data-v=\"4\" data-block-id=\"84c6cd4\"><div class=\"stk-column-wrapper stk-block-column__content stk-container stk-84c6cd4-container stk--no-background stk--no-padding\"><div class=\"stk-block-content stk-inner-blocks stk-84c6cd4-inner-blocks\">\n<div class=\"wp-block-stackable-text stk-block-text stk-block stk-558e02d hero-banner-text\" data-block-id=\"558e02d\"><style>.stk-558e02d{max-width:600px !important;padding-top:40px !important;margin-bottom:50px !important}.stk-558e02d .stk-block-text__text{font-size:17px !important;color:var(--theme-palette-color-8,#ffffff) !important}@media screen and (max-width:1023px){.stk-558e02d{padding-top:40px !important}.stk-558e02d .stk-block-text__text{font-size:17px !important}}<\/style><p class=\"stk-block-text__text has-text-color has-palette-color-8-color has-text-align-center-mobile\">CGM Films je posve\u0107en razvoju i produkciji dramskih serija i igranih filmova visoke kvalitete. CGM je fokusiran na ekranizaciju lokalnih pri\u010da u suradnji s regionalnim talentima, , uz zadr\u017eavanje najvi\u0161ih me\u0111unarodnih produkcijskih standarda.&nbsp;<\/p><\/div>\n\n\n\n<div class=\"wp-block-stackable-text stk-block-text stk-block stk-477ba52 hero-banner-text\" data-block-id=\"477ba52\"><style>.stk-477ba52{max-width:600px !important;margin-bottom:50px !important}.stk-477ba52 .stk-block-text__text{font-size:17px !important;color:var(--theme-palette-color-8,#ffffff) !important}@media screen and (max-width:1023px){.stk-477ba52 .stk-block-text__text{font-size:17px !important}}<\/style><p class=\"stk-block-text__text has-text-color has-palette-color-8-color has-text-align-center-mobile\">Na\u0161a misija je podi\u0107i estetske granice i usredoto\u010diti se na integraciju digitalne komunikacije \u2013 kojom bi se visokokvalitetnim doma\u0107im igranim sadr\u017eajem dosegla mlada publika. Pri\u010de koje CGM Films nastoji producirati odra\u017eavaju dru\u0161tvo, ali tako\u0111er promi\u010du razli\u010ditost i multikulturalno okru\u017eenje. Iskustvo i kreativnost \u010dine sr\u017e tima CGM Films, koji okuplja novu generaciju vrhunskih hrvatskih i regionalnih talenata.&nbsp;<\/p><\/div>\n<\/div><\/div><\/div>\n<\/div><\/div>\n<\/div><\/div><\/div>\n<\/div><\/div>\n\n\n\n<div class=\"wp-block-stackable-spacer stk-block-spacer stk--no-padding stk-block stk-60788a0\" data-block-id=\"60788a0\"><style>.stk-60788a0{height:80px !important}@media screen and (max-width:1023px){.stk-60788a0{height:40px !important}}<\/style><\/div>\n\n\n\n<div class=\"wp-block-stackable-columns stk-block-columns stk-block stk-78084bc usluge-wrapper\" data-block-id=\"78084bc\"><style>.stk-78084bc-column{--stk-column-gap:25px !important}<\/style><div class=\"stk-row stk-inner-blocks stk-block-content stk-content-align stk-78084bc-column\">\n<div class=\"wp-block-stackable-column stk-block-column stk-column stk-block stk-92c6d54 stk-block-background usluge-blok-heading\" data-v=\"4\" data-block-id=\"92c6d54\"><style>.stk-92c6d54{background-color:var(--theme-palette-color-1,#C50606) !important}.stk-92c6d54:before{background-color:var(--theme-palette-color-1,#C50606) !important}@media screen and (min-width:768px){.stk-92c6d54{flex:var(--stk-flex-grow,1) 1 calc(25% - var(--stk-column-gap,0px) * 3 \/ 4 ) !important}}@media screen and (min-width:768px) and (max-width:1023px){.stk-92c6d54{flex:var(--stk-flex-grow,1) 1 calc(100% - var(--stk-column-gap,0px) * 0 \/ 1 ) !important}}@media screen and (max-width:1023px){.stk-92c6d54{margin-bottom:32px !important}}<\/style><div class=\"stk-column-wrapper stk-block-column__content stk-container stk-92c6d54-container stk--no-background stk--no-padding\"><div class=\"stk-block-content stk-inner-blocks stk-92c6d54-inner-blocks\">\n<div class=\"wp-block-stackable-heading stk-block-heading stk-block-heading--v2 stk-block stk-aab66c0\" id=\"usluge\" data-block-id=\"aab66c0\"><style>.stk-aab66c0 .stk-block-heading__text{font-size:109px !important;color:var(--theme-palette-color-8,#ffffff) !important}@media screen and (max-width:1023px){.stk-aab66c0 .stk-block-heading__text{font-size:50px !important}}<\/style><h2 class=\"stk-block-heading__text has-text-color has-text-align-center\">USLUGE<\/h2><\/div>\n<\/div><\/div><\/div>\n\n\n\n<div class=\"wp-block-stackable-column stk-block-column stk-column stk-block stk-57c0b71 usluge-blok\" data-v=\"4\" data-block-id=\"57c0b71\"><style>.stk-57c0b71{border-style:solid !important;border-color:var(--theme-palette-color-1,#C50606) !important;border-top-width:4px !important;border-right-width:4px !important;border-bottom-width:4px !important;border-left-width:4px !important;padding-top:20px !important;padding-bottom:20px !important}@media screen and (min-width:768px){.stk-57c0b71{flex:var(--stk-flex-grow,1) 1 calc(25% - var(--stk-column-gap,0px) * 3 \/ 4 ) !important}}@media screen and (min-width:768px) and (max-width:1023px){.stk-57c0b71{flex:var(--stk-flex-grow,1) 1 calc(33% - var(--stk-column-gap,0px) * 2 \/ 3 ) !important}}@media screen and (max-width:1023px){.stk-57c0b71{margin-bottom:32px !important}}@media screen and (max-width:767px){.stk-57c0b71{margin-right:auto !important;margin-left:auto !important}}<\/style><div class=\"stk-column-wrapper stk-block-column__content stk-container stk-57c0b71-container stk--no-background stk--no-padding\"><div class=\"stk-block-content stk-inner-blocks stk-57c0b71-inner-blocks\">\n<div class=\"wp-block-stackable-heading stk-block-heading stk-block-heading--v2 stk-block stk-c7bde86\" id=\"span-style-color-var-theme-palette-color-1-c-50606-class-stk-highlight-strong-fiction-strong-span\" data-block-id=\"c7bde86\"><style>.stk-c7bde86{margin-bottom:8px !important}.stk-c7bde86 .stk-block-heading__text{text-shadow:none !important;font-size:32px !important}@media screen and (max-width:1023px){.stk-c7bde86 .stk-block-heading__text{font-size:32px !important}}<\/style><h2 class=\"stk-block-heading__text has-text-align-center\"><span style=\"color: var(--theme-palette-color-1, #C50606);\" class=\"stk-highlight\"><strong>FICTION<\/strong><\/span><\/h2><\/div>\n\n\n\n<div class=\"wp-block-stackable-text stk-block-text stk-block stk-0f553a6 usluge-blok-text\" data-block-id=\"0f553a6\"><style>.stk-0f553a6 .stk-block-text__text{font-size:20px !important}@media screen and (max-width:1023px){.stk-0f553a6 .stk-block-text__text{font-size:20px !important}}<\/style><p class=\"stk-block-text__text has-text-align-center\"><span style=\"color: var(--theme-palette-color-1, #C50606);\" class=\"stk-highlight\">Razvijamo autorstvo kroz produkciju igranih filmova\u2028i TV serija<\/span><\/p><\/div>\n\n\n\n<div class=\"wp-block-stackable-image stk-block-image stk-block stk-e433da4\" data-block-id=\"e433da4\"><figure><span class=\"stk-img-wrapper stk-image--shape-stretch\"><img loading=\"lazy\" decoding=\"async\" class=\"stk-img wp-image-785\" src=\"https:\/\/cgmfilms.hr\/wp-content\/uploads\/2024\/06\/fiction.png\" width=\"142\" height=\"140\"\/><\/span><\/figure><\/div>\n<\/div><\/div><\/div>\n\n\n\n<div class=\"wp-block-stackable-column stk-block-column stk-column stk-block stk-f830434 usluge-blok\" data-v=\"4\" data-block-id=\"f830434\"><style>.stk-f830434{border-style:solid !important;border-color:var(--theme-palette-color-1,#C50606) !important;border-top-width:4px !important;border-right-width:4px !important;border-bottom-width:4px !important;border-left-width:4px !important;padding-top:20px !important;padding-bottom:20px !important}@media screen and (min-width:768px){.stk-f830434{flex:var(--stk-flex-grow,1) 1 calc(25% - var(--stk-column-gap,0px) * 3 \/ 4 ) !important}}@media screen and (min-width:768px) and (max-width:1023px){.stk-f830434{flex:var(--stk-flex-grow,1) 1 calc(33% - var(--stk-column-gap,0px) * 2 \/ 3 ) !important}}@media screen and (max-width:1023px){.stk-f830434{margin-bottom:32px !important}}@media screen and (max-width:767px){.stk-f830434{margin-right:auto !important;margin-left:auto !important}}<\/style><div class=\"stk-column-wrapper stk-block-column__content stk-container stk-f830434-container stk--no-background stk--no-padding\"><div class=\"stk-block-content stk-inner-blocks stk-f830434-inner-blocks\">\n<div class=\"wp-block-stackable-heading stk-block-heading stk-block-heading--v2 stk-block stk-ea7b242\" id=\"span-style-color-var-theme-palette-color-1-c-50606-class-stk-highlight-strong-corporate-strong-span\" data-block-id=\"ea7b242\"><style>.stk-ea7b242{margin-bottom:8px !important}.stk-ea7b242 .stk-block-heading__text{font-size:32px !important}@media screen and (max-width:1023px){.stk-ea7b242 .stk-block-heading__text{font-size:32px !important}}<\/style><h2 class=\"stk-block-heading__text has-text-align-center\"><span style=\"color: var(--theme-palette-color-1, #C50606);\" class=\"stk-highlight\"><strong>CORPORATE<\/strong><\/span><\/h2><\/div>\n\n\n\n<div class=\"wp-block-stackable-text stk-block-text stk-block stk-5508d2b usluge-blok-text\" data-block-id=\"5508d2b\"><style>.stk-5508d2b .stk-block-text__text{font-size:20px !important}@media screen and (max-width:1023px){.stk-5508d2b .stk-block-text__text{font-size:20px !important}}<\/style><p class=\"stk-block-text__text has-text-align-center\"><span style=\"color: var(--theme-palette-color-1, #C50606);\" class=\"stk-highlight\">Osmi\u0161ljavamo i snimamo korporativne video materijale i reklame koji ja\u010daju imid\u017e va\u0161eg branda.&nbsp;<\/span><\/p><\/div>\n\n\n\n<div class=\"wp-block-stackable-image stk-block-image stk-block stk-958bfaf\" data-block-id=\"958bfaf\"><figure><span class=\"stk-img-wrapper stk-image--shape-stretch\"><img loading=\"lazy\" decoding=\"async\" class=\"stk-img wp-image-783\" src=\"https:\/\/cgmfilms.hr\/wp-content\/uploads\/2024\/06\/corporate.png\" width=\"141\" height=\"141\"\/><\/span><\/figure><\/div>\n<\/div><\/div><\/div>\n\n\n\n<div class=\"wp-block-stackable-column stk-block-column stk-column stk-block stk-ad47919 usluge-blok\" data-v=\"4\" data-block-id=\"ad47919\"><style>.stk-ad47919{border-top-left-radius:4px !important;border-top-right-radius:4px !important;border-bottom-right-radius:4px !important;border-bottom-left-radius:4px !important;overflow:hidden !important;border-style:solid !important;border-color:var(--theme-palette-color-2,#e33812) !important;border-top-width:4px !important;border-right-width:4px !important;border-bottom-width:4px !important;border-left-width:4px !important;padding-top:20px !important;padding-bottom:20px !important}@media screen and (min-width:768px){.stk-ad47919{flex:var(--stk-flex-grow,1) 1 calc(25% - var(--stk-column-gap,0px) * 3 \/ 4 ) !important}}@media screen and (min-width:768px) and (max-width:1023px){.stk-ad47919{flex:var(--stk-flex-grow,1) 1 calc(33% - var(--stk-column-gap,0px) * 2 \/ 3 ) !important}}@media screen and (max-width:767px){.stk-ad47919{margin-right:auto !important;margin-left:auto !important}}<\/style><div class=\"stk-column-wrapper stk-block-column__content stk-container stk-ad47919-container stk--no-background stk--no-padding\"><div class=\"stk-block-content stk-inner-blocks stk-ad47919-inner-blocks\">\n<div class=\"wp-block-stackable-heading stk-block-heading stk-block-heading--v2 stk-block stk-1ed672c\" id=\"span-style-color-var-theme-palette-color-1-c-50606-class-stk-highlight-strong-service-strong-span\" data-block-id=\"1ed672c\"><style>.stk-1ed672c{margin-bottom:8px !important}.stk-1ed672c .stk-block-heading__text{font-size:32px !important}@media screen and (max-width:1023px){.stk-1ed672c .stk-block-heading__text{font-size:32px !important}}<\/style><h2 class=\"stk-block-heading__text has-text-align-center\"><span style=\"color: var(--theme-palette-color-1, #C50606);\" class=\"stk-highlight\"><strong>SERVICE<\/strong><\/span><\/h2><\/div>\n\n\n\n<div class=\"wp-block-stackable-text stk-block-text stk-block stk-94ad819 usluge-blok-text\" data-block-id=\"94ad819\"><style>.stk-94ad819 .stk-block-text__text{font-size:20px !important}@media screen and (max-width:1023px){.stk-94ad819 .stk-block-text__text{font-size:20px !important}}<\/style><p class=\"stk-block-text__text has-text-align-center\"><span style=\"color: var(--theme-palette-color-1, #C50606);\" class=\"stk-highlight\">Nudimo sveobuhvatne produkcijske usluge, uklju\u010duju\u0107i tehni\u010dku podr\u0161ku, logistiku i ljudstvo.<\/span><\/p><\/div>\n\n\n\n<div class=\"wp-block-stackable-image stk-block-image stk-block stk-5e1ccff\" data-block-id=\"5e1ccff\"><figure><span class=\"stk-img-wrapper stk-image--shape-stretch\"><img loading=\"lazy\" decoding=\"async\" class=\"stk-img wp-image-787\" src=\"https:\/\/cgmfilms.hr\/wp-content\/uploads\/2024\/06\/service.png\" width=\"130\" height=\"139\"\/><\/span><\/figure><\/div>\n<\/div><\/div><\/div>\n<\/div><\/div>\n","protected":false},"excerpt":{"rendered":"<p>O NAMA CGM Films je posve\u0107en razvoju i produkciji dramskih serija i igranih filmova visoke kvalitete. CGM je fokusiran na ekranizaciju lokalnih pri\u010da u suradnji s regionalnim talentima, , uz zadr\u017eavanje najvi\u0161ih me\u0111unarodnih produkcijskih standarda.&nbsp; Na\u0161a misija je podi\u0107i estetske granice i usredoto\u010diti se na integraciju digitalne komunikacije \u2013 kojom bi se visokokvalitetnim doma\u0107im igranim [&hellip;]<\/p>\n","protected":false},"author":1,"featured_media":0,"parent":0,"menu_order":0,"comment_status":"closed","ping_status":"closed","template":"","meta":{"footnotes":""},"class_list":["post-1314","page","type-page","status-publish","hentry"],"blocksy_meta":[],"yoast_head":"<!-- This site is optimized with the Yoast SEO plugin v22.9 - https:\/\/yoast.com\/wordpress\/plugins\/seo\/ -->\n<title>- CGM Films<\/title>\n<meta name=\"robots\" content=\"index, follow, max-snippet:-1, max-image-preview:large, max-video-preview:-1\" \/>\n<link rel=\"canonical\" href=\"https:\/\/cgmfilms.hr\/hr\/o-nama\/\" \/>\n<meta property=\"og:locale\" content=\"hr_HR\" \/>\n<meta property=\"og:type\" content=\"article\" \/>\n<meta property=\"og:title\" content=\"- CGM Films\" \/>\n<meta property=\"og:description\" content=\"O NAMA CGM Films je posve\u0107en razvoju i produkciji dramskih serija i igranih filmova visoke kvalitete. CGM je fokusiran na ekranizaciju lokalnih pri\u010da u suradnji s regionalnim talentima, , uz zadr\u017eavanje najvi\u0161ih me\u0111unarodnih produkcijskih standarda.&nbsp; Na\u0161a misija je podi\u0107i estetske granice i usredoto\u010diti se na integraciju digitalne komunikacije \u2013 kojom bi se visokokvalitetnim doma\u0107im igranim [&hellip;]\" \/>\n<meta property=\"og:url\" content=\"https:\/\/cgmfilms.hr\/hr\/o-nama\/\" \/>\n<meta property=\"og:site_name\" content=\"CGM Films\" \/>\n<meta property=\"article:modified_time\" content=\"2024-10-03T10:15:50+00:00\" \/>\n<meta property=\"og:image\" content=\"https:\/\/cgmfilms.hr\/wp-content\/uploads\/2024\/06\/fiction.png\" \/>\n<meta name=\"twitter:card\" content=\"summary_large_image\" \/>\n<meta name=\"twitter:label1\" content=\"Procijenjeno vrijeme \u010ditanja\" \/>\n\t<meta name=\"twitter:data1\" content=\"1 minuta\" \/>\n<script type=\"application\/ld+json\" class=\"yoast-schema-graph\">{\"@context\":\"https:\/\/schema.org\",\"@graph\":[{\"@type\":\"WebPage\",\"@id\":\"https:\/\/cgmfilms.hr\/hr\/o-nama\/\",\"url\":\"https:\/\/cgmfilms.hr\/hr\/o-nama\/\",\"name\":\"- CGM Films\",\"isPartOf\":{\"@id\":\"https:\/\/cgmfilms.hr\/hr\/#website\"},\"primaryImageOfPage\":{\"@id\":\"https:\/\/cgmfilms.hr\/hr\/o-nama\/#primaryimage\"},\"image\":{\"@id\":\"https:\/\/cgmfilms.hr\/hr\/o-nama\/#primaryimage\"},\"thumbnailUrl\":\"https:\/\/cgmfilms.hr\/wp-content\/uploads\/2024\/06\/fiction.png\",\"datePublished\":\"2024-06-17T14:37:44+00:00\",\"dateModified\":\"2024-10-03T10:15:50+00:00\",\"inLanguage\":\"hr\",\"potentialAction\":[{\"@type\":\"ReadAction\",\"target\":[\"https:\/\/cgmfilms.hr\/hr\/o-nama\/\"]}]},{\"@type\":\"ImageObject\",\"inLanguage\":\"hr\",\"@id\":\"https:\/\/cgmfilms.hr\/hr\/o-nama\/#primaryimage\",\"url\":\"https:\/\/cgmfilms.hr\/wp-content\/uploads\/2024\/06\/fiction.png\",\"contentUrl\":\"https:\/\/cgmfilms.hr\/wp-content\/uploads\/2024\/06\/fiction.png\"},{\"@type\":\"WebSite\",\"@id\":\"https:\/\/cgmfilms.hr\/hr\/#website\",\"url\":\"https:\/\/cgmfilms.hr\/hr\/\",\"name\":\"CGM Films\",\"description\":\"CGM Films is dedicated to developing high profile drama series and feature films. CGM encourages local stories and regional talent while maintaining the highest international production standards. The mission is to elevate the aesthetic boundaries and focus on digital communication integration - to target young audiences with high-quality domestic feature content. The stories CGM Films aims to produce reflect the society but promote diversity and a multi-cultural environment. Experience and creativity are at the core of the CGM Films team, which brings together a new generation of top Croatian and regional talent.\",\"publisher\":{\"@id\":\"https:\/\/cgmfilms.hr\/hr\/#organization\"},\"potentialAction\":[{\"@type\":\"SearchAction\",\"target\":{\"@type\":\"EntryPoint\",\"urlTemplate\":\"https:\/\/cgmfilms.hr\/hr\/?s={search_term_string}\"},\"query-input\":\"required name=search_term_string\"}],\"inLanguage\":\"hr\"},{\"@type\":\"Organization\",\"@id\":\"https:\/\/cgmfilms.hr\/hr\/#organization\",\"name\":\"CGM Films\",\"url\":\"https:\/\/cgmfilms.hr\/hr\/\",\"logo\":{\"@type\":\"ImageObject\",\"inLanguage\":\"hr\",\"@id\":\"https:\/\/cgmfilms.hr\/hr\/#\/schema\/logo\/image\/\",\"url\":\"https:\/\/cgmfilms.hr\/wp-content\/uploads\/2024\/06\/CGM-logo-03-01.svg\",\"contentUrl\":\"https:\/\/cgmfilms.hr\/wp-content\/uploads\/2024\/06\/CGM-logo-03-01.svg\",\"width\":320.62,\"height\":64,\"caption\":\"CGM Films\"},\"image\":{\"@id\":\"https:\/\/cgmfilms.hr\/hr\/#\/schema\/logo\/image\/\"},\"sameAs\":[\"https:\/\/www.linkedin.com\/company\/cgm-films-zagreb-london\/\"]}]}<\/script>\n<!-- \/ Yoast SEO plugin. -->","yoast_head_json":{"title":"- CGM Films","robots":{"index":"index","follow":"follow","max-snippet":"max-snippet:-1","max-image-preview":"max-image-preview:large","max-video-preview":"max-video-preview:-1"},"canonical":"https:\/\/cgmfilms.hr\/hr\/o-nama\/","og_locale":"hr_HR","og_type":"article","og_title":"- CGM Films","og_description":"O NAMA CGM Films je posve\u0107en razvoju i produkciji dramskih serija i igranih filmova visoke kvalitete. CGM je fokusiran na ekranizaciju lokalnih pri\u010da u suradnji s regionalnim talentima, , uz zadr\u017eavanje najvi\u0161ih me\u0111unarodnih produkcijskih standarda.&nbsp; Na\u0161a misija je podi\u0107i estetske granice i usredoto\u010diti se na integraciju digitalne komunikacije \u2013 kojom bi se visokokvalitetnim doma\u0107im igranim [&hellip;]","og_url":"https:\/\/cgmfilms.hr\/hr\/o-nama\/","og_site_name":"CGM Films","article_modified_time":"2024-10-03T10:15:50+00:00","og_image":[{"url":"https:\/\/cgmfilms.hr\/wp-content\/uploads\/2024\/06\/fiction.png"}],"twitter_card":"summary_large_image","twitter_misc":{"Procijenjeno vrijeme \u010ditanja":"1 minuta"},"schema":{"@context":"https:\/\/schema.org","@graph":[{"@type":"WebPage","@id":"https:\/\/cgmfilms.hr\/hr\/o-nama\/","url":"https:\/\/cgmfilms.hr\/hr\/o-nama\/","name":"- CGM Films","isPartOf":{"@id":"https:\/\/cgmfilms.hr\/hr\/#website"},"primaryImageOfPage":{"@id":"https:\/\/cgmfilms.hr\/hr\/o-nama\/#primaryimage"},"image":{"@id":"https:\/\/cgmfilms.hr\/hr\/o-nama\/#primaryimage"},"thumbnailUrl":"https:\/\/cgmfilms.hr\/wp-content\/uploads\/2024\/06\/fiction.png","datePublished":"2024-06-17T14:37:44+00:00","dateModified":"2024-10-03T10:15:50+00:00","inLanguage":"hr","potentialAction":[{"@type":"ReadAction","target":["https:\/\/cgmfilms.hr\/hr\/o-nama\/"]}]},{"@type":"ImageObject","inLanguage":"hr","@id":"https:\/\/cgmfilms.hr\/hr\/o-nama\/#primaryimage","url":"https:\/\/cgmfilms.hr\/wp-content\/uploads\/2024\/06\/fiction.png","contentUrl":"https:\/\/cgmfilms.hr\/wp-content\/uploads\/2024\/06\/fiction.png"},{"@type":"WebSite","@id":"https:\/\/cgmfilms.hr\/hr\/#website","url":"https:\/\/cgmfilms.hr\/hr\/","name":"CGM Films","description":"CGM Films is dedicated to developing high profile drama series and feature films. CGM encourages local stories and regional talent while maintaining the highest international production standards. The mission is to elevate the aesthetic boundaries and focus on digital communication integration - to target young audiences with high-quality domestic feature content. The stories CGM Films aims to produce reflect the society but promote diversity and a multi-cultural environment. Experience and creativity are at the core of the CGM Films team, which brings together a new generation of top Croatian and regional talent.","publisher":{"@id":"https:\/\/cgmfilms.hr\/hr\/#organization"},"potentialAction":[{"@type":"SearchAction","target":{"@type":"EntryPoint","urlTemplate":"https:\/\/cgmfilms.hr\/hr\/?s={search_term_string}"},"query-input":"required name=search_term_string"}],"inLanguage":"hr"},{"@type":"Organization","@id":"https:\/\/cgmfilms.hr\/hr\/#organization","name":"CGM Films","url":"https:\/\/cgmfilms.hr\/hr\/","logo":{"@type":"ImageObject","inLanguage":"hr","@id":"https:\/\/cgmfilms.hr\/hr\/#\/schema\/logo\/image\/","url":"https:\/\/cgmfilms.hr\/wp-content\/uploads\/2024\/06\/CGM-logo-03-01.svg","contentUrl":"https:\/\/cgmfilms.hr\/wp-content\/uploads\/2024\/06\/CGM-logo-03-01.svg","width":320.62,"height":64,"caption":"CGM Films"},"image":{"@id":"https:\/\/cgmfilms.hr\/hr\/#\/schema\/logo\/image\/"},"sameAs":["https:\/\/www.linkedin.com\/company\/cgm-films-zagreb-london\/"]}]}},"jetpack_sharing_enabled":true,"_links":{"self":[{"href":"https:\/\/cgmfilms.hr\/hr\/wp-json\/wp\/v2\/pages\/1314","targetHints":{"allow":["GET"]}}],"collection":[{"href":"https:\/\/cgmfilms.hr\/hr\/wp-json\/wp\/v2\/pages"}],"about":[{"href":"https:\/\/cgmfilms.hr\/hr\/wp-json\/wp\/v2\/types\/page"}],"author":[{"embeddable":true,"href":"https:\/\/cgmfilms.hr\/hr\/wp-json\/wp\/v2\/users\/1"}],"replies":[{"embeddable":true,"href":"https:\/\/cgmfilms.hr\/hr\/wp-json\/wp\/v2\/comments?post=1314"}],"version-history":[{"count":15,"href":"https:\/\/cgmfilms.hr\/hr\/wp-json\/wp\/v2\/pages\/1314\/revisions"}],"predecessor-version":[{"id":1612,"href":"https:\/\/cgmfilms.hr\/hr\/wp-json\/wp\/v2\/pages\/1314\/revisions\/1612"}],"wp:attachment":[{"href":"https:\/\/cgmfilms.hr\/hr\/wp-json\/wp\/v2\/media?parent=1314"}],"curies":[{"name":"wp","href":"https:\/\/api.w.org\/{rel}","templated":true}]}}